{"id":503,"date":"2025-01-17T16:35:11","date_gmt":"2025-01-17T15:35:11","guid":{"rendered":"https:\/\/www.alpex-cartier.com\/?page_id=503"},"modified":"2025-03-11T12:15:18","modified_gmt":"2025-03-11T11:15:18","slug":"cookie-policy","status":"publish","type":"page","link":"https:\/\/www.alpex-cartier.com\/en\/cookie-policy\/","title":{"rendered":"Cookie policy"},"content":{"rendered":"<div class=\"wpb-content-wrapper\"><p>[vc_row][vc_column][vc_empty_space height=&#8221;50px&#8221;][\/vc_column][\/vc_row][vc_row][vc_column][vc_column_text css=&#8221;&#8221; el_class=&#8221;txt-bleu-alpex&#8221;]The cookie policy was updated on 10\/05\/2020.<\/p>\n<p data-pm-slice=\"1 1 []\">SAS CMP (Cartier Multi Profils) places great importance on respecting the privacy of users of its website and complying with applicable legal provisions. When visiting our website <a>https:\/\/www.alpex-cartier.com<\/a>, &#8220;cookies&#8221; may be stored on your device (computer, mobile, tablet, etc.). This page helps you better understand how cookies work and how to manage your preferences.<\/p>\n<h2>1 &#8211; What is a &#8220;cookie&#8221; ?<\/h2>\n<p data-pm-slice=\"1 1 []\">A &#8220;cookie&#8221; or &#8220;connection token&#8221; is a text file that may be stored, subject to your choices, in a dedicated space on your device&#8217;s hard drive when you visit our site using your web browser. A cookie allows its issuer to identify the device in which it is stored, for the duration of the cookie\u2019s validity or storage period. Only the issuer of a cookie can read or modify the information contained in it.<\/p>\n<h2>2 &#8211; What are the purposes of the cookies issued on <a href=\"https:\/\/www.alpex-cartier.com\/\">https:\/\/www.alpex-cartier.com<\/a>\u00a0?<\/h2>\n<p data-pm-slice=\"1 1 []\">Cookies issued by our website:<\/p>\n<p data-pm-slice=\"1 1 []\">When you log in to our site, we may, subject to your choices, install various cookies on your device, allowing us to recognize your browser during the cookie\u2019s validity period.<\/p>\n<p data-pm-slice=\"1 3 []\">The cookies we issue are used for the following purposes:<\/p>\n<ul data-spread=\"false\">\n<li>To adapt the presentation of our site to your device\u2019s display preferences (language, display resolution, operating system, etc.) during your visits, depending on the viewing or reading hardware and software your device includes;<\/li>\n<li>To store information related to a form you have filled out on our site (registration or account access);<\/li>\n<li>To allow you to access reserved and personal areas of our site, such as your account, using identifiers or data that you may have previously provided;<\/li>\n<li>To implement security measures, such as when you are required to log in again to access content or services after a certain period of time.<\/li>\n<\/ul>\n<p data-pm-slice=\"1 1 []\">Cookies issued on our site by third parties:<\/p>\n<p>The issuance and use of cookies by third parties are subject to the privacy policies of these third parties.<\/p>\n<p>We inform you of the purpose of the cookies we are aware of and the means available for you to make choices regarding these cookies.<\/p>\n<p><em>&#8211; <\/em>Audience measurement cookies<\/p>\n<p data-pm-slice=\"1 1 []\">Our site may contain cookies issued by third parties, such as audience measurement companies. During their validity period, these cookies help establish statistics and usage volumes of various components of our site (sections and content visited, browsing paths) and thereby improve the interest and ergonomics of our services.<\/p>\n<p><em>&#8211;\u00a0 <\/em>Cookies issued by third-party applications integrated into our site<\/p>\n<p data-pm-slice=\"1 1 []\">We may include third-party applications on our site that allow you to share content from our site with others or to see who works at SAS CMP (Cartier Multi Profils) in your network. This applies in particular to buttons (such as &#8220;Login with LinkedIn&#8221;) from social networks like &#8220;LinkedIn.&#8221;<\/p>\n<p>The social network providing such a button may identify you through this button, even if you did not use it while browsing our site. This type of button may enable the respective social network to track your navigation on our site simply because your account on that social network was activated on your device (open session) while browsing our site.<\/p>\n<p>We have no control over the processes employed by social networks to collect information related to your browsing on our site and associated with personal data they hold. We invite you to consult the privacy policies of these social networks to learn about their intended use of the browsing information they may collect through these buttons. These privacy policies should enable you to make choices with these networks, including adjusting your account settings for each of them.<\/p>\n<p><em>&#8211;\u00a0 <\/em>&#8220;Flash&#8221; cookies from &#8220;Adobe Flash Player&#8221; \u2122<\/p>\n<p>\u00ab Adobe Flash Player \u00bb \u2122 est une application informatique qui permet le d\u00e9veloppement rapide des contenus dynamiques utilisant le langage informatique \u00ab Flash \u00bb. Flash (et les applications de m\u00eame type) m\u00e9morise les param\u00e8tres, les pr\u00e9f\u00e9rences et l&#8217;utilisation de ces contenus gr\u00e2ce \u00e0 une technologie similaire aux cookies. Toutefois, \u00ab Adobe Flash Player \u00bb \u2122 g\u00e8re ces informations et vos choix via une interface diff\u00e9rente de celle fournie par votre logiciel de navigation. Dans la mesure o\u00f9 votre terminal serait susceptible de visualiser des contenus d\u00e9velopp\u00e9s avec le langage Flash, nous vous invitons \u00e0 acc\u00e9der \u00e0 vos outils de gestion des cookies Flash, directement depuis le site\u00a0<a href=\"http:\/\/www.adobe.com\/\">www.adobe.com<\/a><\/p>\n<h2>3 &#8211; How can you manage your cookie preferences on <a href=\"https:\/\/www.alpex-cartier.com\/\">https:\/\/www.alpex-cartier.com<\/a>\u00a0?<\/h2>\n<p data-pm-slice=\"1 1 []\">You can choose to express and modify your cookie preferences at any time using the methods described below.<\/p>\n<p>Please note that any settings you configure may affect your Internet browsing experience and your access conditions to certain services that require the use of cookies.<\/p>\n<p>If applicable, we decline all responsibility for the consequences of degraded operation of our services resulting from our inability to store or consult necessary cookies that you have refused or deleted.<\/p>\n<p>Your online choices<\/p>\n<p data-pm-slice=\"1 1 []\">To learn more about Google Analytics, <a href=\"https:\/\/support.google.com\/analytics\/answer\/6004245?hl=fr\">click here<\/a>. If you do not want Google Analytics to analyze your activity on the websites you visit, you can install the <a href=\"https:\/\/chrome.google.com\/webstore\/detail\/google-analytics-opt-out\/fllaojicojecljbmefodhfapmkghcbnh?hl=fr\">Google Analytics opt-out browser add-on<\/a>. This prevents the Google Analytics JavaScript code (ga.js, analytics.js, and dc.js) embedded in websites from sharing information about your visit with Google Analytics.<\/p>\n<p data-pm-slice=\"1 1 []\">If applicable, we also invite you to consult the privacy policies of social networks (LinkedIn, etc.) to exercise your choices with these platforms.<\/p>\n<p>Choices offered by your browser<\/p>\n<p data-pm-slice=\"1 1 []\">For managing cookies and your preferences, each browser\u2019s configuration is different. It is described in your browser\u2019s help menu, which will inform you how to modify your cookie preferences.<\/p>\n<ul>\n<li>For Chrome\u2122 : <a href=\"https:\/\/support.google.com\/chrome\/answer\/95647?hl=fr\">https:\/\/support.google.com\/chrome\/answer\/95647?hl=fr<\/a><\/li>\n<li>For Internet Explorer\u2122 : <a href=\"http:\/\/windows.microsoft.com\/fr-fr\/internet-explorer\/delete-manage-cookies#ie=ie-11-win-7\">http:\/\/windows.microsoft.com\/fr-fr\/internet-explorer\/delete-manage-cooki&#8230;<\/a><\/li>\n<li>For Edge\u2122 : <a href=\"http:\/\/windows.microsoft.com\/fr-fr\/windows-10\/edge-privacy-faq\">http:\/\/windows.microsoft.com\/fr-fr\/windows-10\/edge-privacy-faq<\/a><\/li>\n<li>For Firefox\u2122 : <a href=\"https:\/\/support.mozilla.org\/fr\/kb\/effacer-cookies-supprimer-infos-sites-enregistrees\">https:\/\/support.mozilla.org\/fr\/kb\/effacer-cookies-supprimer-infos-sites-&#8230;<\/a><\/li>\n<li>For Op\u00e9ra\u2122 : <a href=\"http:\/\/help.opera.com\/Windows\/10.20\/fr\/cookies.html\">http:\/\/help.opera.com\/Windows\/10.20\/fr\/cookies.html<\/a><\/li>\n<li>For Safari\u2122 : <a href=\"https:\/\/support.apple.com\/kb\/PH19214?locale=fr_FR\">https:\/\/support.apple.com\/kb\/PH19214?locale=fr_FR<\/a><\/li>\n<\/ul>\n<h2>4 \u2013 More information about cookies<\/h2>\n<p data-pm-slice=\"1 1 []\">For more information about cookies and their use, you can visit the website of the French Data Protection Authority (Commission Nationale de l&#8217;Informatique et des Libert\u00e9s &#8211; CNIL) at <a>www.cnil.fr<\/a>.[\/vc_column_text][\/vc_column][\/vc_row][vc_row][vc_column][vc_empty_space][\/vc_column][\/vc_row][vc_row][vc_column][vc_column_text css=&#8221;&#8221; el_class=&#8221;h2 habillage-trait-sous-titre&#8221;]<\/p>\n<p style=\"text-align: center;\">They trust us<\/p>\n<p>[\/vc_column_text][vc_row_inner el_class=&#8221;range-partenaire&#8221;][vc_column_inner width=&#8221;1\/6&#8243;][vc_single_image image=&#8221;73&#8243; img_size=&#8221;full&#8221; css=&#8221;&#8221;][\/vc_column_inner][vc_column_inner width=&#8221;1\/6&#8243;][vc_single_image image=&#8221;74&#8243; img_size=&#8221;full&#8221; css=&#8221;&#8221;][\/vc_column_inner][vc_column_inner width=&#8221;1\/6&#8243;][vc_single_image image=&#8221;75&#8243; img_size=&#8221;full&#8221; css=&#8221;&#8221;][\/vc_column_inner][vc_column_inner width=&#8221;1\/6&#8243;][vc_single_image image=&#8221;76&#8243; img_size=&#8221;full&#8221; css=&#8221;&#8221;][\/vc_column_inner][vc_column_inner width=&#8221;1\/6&#8243;][vc_single_image image=&#8221;77&#8243; img_size=&#8221;full&#8221; css=&#8221;&#8221;][\/vc_column_inner][vc_column_inner width=&#8221;1\/6&#8243;][vc_single_image image=&#8221;72&#8243; img_size=&#8221;full&#8221; css=&#8221;&#8221;][\/vc_column_inner][\/vc_row_inner][\/vc_column][\/vc_row]<\/p>\n<\/div>","protected":false},"excerpt":{"rendered":"<p>[vc_row][vc_column][vc_empty_space height=&#8221;50px&#8221;][\/vc_column][\/vc_row][vc_row][vc_column][vc_column_text css=&#8221;&#8221; el_class=&#8221;txt-bleu-alpex&#8221;]The cookie policy was updated on 10\/05\/2020. SAS CMP (Cartier Multi Profils) places great importance on respecting the privacy of users of its<span class=\"excerpt-hellip\"> [\u2026]<\/span><\/p>\n","protected":false},"author":1,"featured_media":0,"parent":0,"menu_order":0,"comment_status":"closed","ping_status":"closed","template":"","meta":{"footnotes":""},"class_list":["post-503","page","type-page","status-publish","hentry"],"yoast_head":"<!-- This site is optimized with the Yoast SEO plugin v27.4 - https:\/\/yoast.com\/product\/yoast-seo-wordpress\/ -->\n<title>Cookie policy - Alpex Cartier<\/title>\n<meta name=\"robots\" content=\"index, follow, max-snippet:-1, max-image-preview:large, max-video-preview:-1\" \/>\n<link rel=\"canonical\" href=\"https:\/\/www.alpex-cartier.com\/en\/cookie-policy\/\" \/>\n<meta property=\"og:locale\" content=\"en_US\" \/>\n<meta property=\"og:type\" content=\"article\" \/>\n<meta property=\"og:title\" content=\"Cookie policy - Alpex Cartier\" \/>\n<meta property=\"og:description\" content=\"[vc_row][vc_column][vc_empty_space height=&#8221;50px&#8221;][\/vc_column][\/vc_row][vc_row][vc_column][vc_column_text css=&#8221;&#8221; el_class=&#8221;txt-bleu-alpex&#8221;]The cookie policy was updated on 10\/05\/2020. SAS CMP (Cartier Multi Profils) places great importance on respecting the privacy of users of its [\u2026]\" \/>\n<meta property=\"og:url\" content=\"https:\/\/www.alpex-cartier.com\/en\/cookie-policy\/\" \/>\n<meta property=\"og:site_name\" content=\"Alpex Cartier\" \/>\n<meta property=\"article:modified_time\" content=\"2025-03-11T11:15:18+00:00\" \/>\n<meta name=\"twitter:card\" content=\"summary_large_image\" \/>\n<meta name=\"twitter:label1\" content=\"Est. reading time\" \/>\n\t<meta name=\"twitter:data1\" content=\"6 minutes\" \/>\n<script type=\"application\/ld+json\" class=\"yoast-schema-graph\">{\"@context\":\"https:\\\/\\\/schema.org\",\"@graph\":[{\"@type\":\"WebPage\",\"@id\":\"https:\\\/\\\/www.alpex-cartier.com\\\/en\\\/cookie-policy\\\/\",\"url\":\"https:\\\/\\\/www.alpex-cartier.com\\\/en\\\/cookie-policy\\\/\",\"name\":\"Cookie policy - Alpex Cartier\",\"isPartOf\":{\"@id\":\"https:\\\/\\\/www.alpex-cartier.com\\\/en\\\/#website\"},\"datePublished\":\"2025-01-17T15:35:11+00:00\",\"dateModified\":\"2025-03-11T11:15:18+00:00\",\"breadcrumb\":{\"@id\":\"https:\\\/\\\/www.alpex-cartier.com\\\/en\\\/cookie-policy\\\/#breadcrumb\"},\"inLanguage\":\"en-US\",\"potentialAction\":[{\"@type\":\"ReadAction\",\"target\":[\"https:\\\/\\\/www.alpex-cartier.com\\\/en\\\/cookie-policy\\\/\"]}]},{\"@type\":\"BreadcrumbList\",\"@id\":\"https:\\\/\\\/www.alpex-cartier.com\\\/en\\\/cookie-policy\\\/#breadcrumb\",\"itemListElement\":[{\"@type\":\"ListItem\",\"position\":1,\"name\":\"Accueil\",\"item\":\"https:\\\/\\\/www.alpex-cartier.com\\\/en\\\/home\\\/\"},{\"@type\":\"ListItem\",\"position\":2,\"name\":\"Cookie policy\"}]},{\"@type\":\"WebSite\",\"@id\":\"https:\\\/\\\/www.alpex-cartier.com\\\/en\\\/#website\",\"url\":\"https:\\\/\\\/www.alpex-cartier.com\\\/en\\\/\",\"name\":\"Alpex Cartier\",\"description\":\"\",\"potentialAction\":[{\"@type\":\"SearchAction\",\"target\":{\"@type\":\"EntryPoint\",\"urlTemplate\":\"https:\\\/\\\/www.alpex-cartier.com\\\/en\\\/?s={search_term_string}\"},\"query-input\":{\"@type\":\"PropertyValueSpecification\",\"valueRequired\":true,\"valueName\":\"search_term_string\"}}],\"inLanguage\":\"en-US\"}]}<\/script>\n<!-- \/ Yoast SEO plugin. -->","yoast_head_json":{"title":"Cookie policy - Alpex Cartier","robots":{"index":"index","follow":"follow","max-snippet":"max-snippet:-1","max-image-preview":"max-image-preview:large","max-video-preview":"max-video-preview:-1"},"canonical":"https:\/\/www.alpex-cartier.com\/en\/cookie-policy\/","og_locale":"en_US","og_type":"article","og_title":"Cookie policy - Alpex Cartier","og_description":"[vc_row][vc_column][vc_empty_space height=&#8221;50px&#8221;][\/vc_column][\/vc_row][vc_row][vc_column][vc_column_text css=&#8221;&#8221; el_class=&#8221;txt-bleu-alpex&#8221;]The cookie policy was updated on 10\/05\/2020. SAS CMP (Cartier Multi Profils) places great importance on respecting the privacy of users of its [\u2026]","og_url":"https:\/\/www.alpex-cartier.com\/en\/cookie-policy\/","og_site_name":"Alpex Cartier","article_modified_time":"2025-03-11T11:15:18+00:00","twitter_card":"summary_large_image","twitter_misc":{"Est. reading time":"6 minutes"},"schema":{"@context":"https:\/\/schema.org","@graph":[{"@type":"WebPage","@id":"https:\/\/www.alpex-cartier.com\/en\/cookie-policy\/","url":"https:\/\/www.alpex-cartier.com\/en\/cookie-policy\/","name":"Cookie policy - Alpex Cartier","isPartOf":{"@id":"https:\/\/www.alpex-cartier.com\/en\/#website"},"datePublished":"2025-01-17T15:35:11+00:00","dateModified":"2025-03-11T11:15:18+00:00","breadcrumb":{"@id":"https:\/\/www.alpex-cartier.com\/en\/cookie-policy\/#breadcrumb"},"inLanguage":"en-US","potentialAction":[{"@type":"ReadAction","target":["https:\/\/www.alpex-cartier.com\/en\/cookie-policy\/"]}]},{"@type":"BreadcrumbList","@id":"https:\/\/www.alpex-cartier.com\/en\/cookie-policy\/#breadcrumb","itemListElement":[{"@type":"ListItem","position":1,"name":"Accueil","item":"https:\/\/www.alpex-cartier.com\/en\/home\/"},{"@type":"ListItem","position":2,"name":"Cookie policy"}]},{"@type":"WebSite","@id":"https:\/\/www.alpex-cartier.com\/en\/#website","url":"https:\/\/www.alpex-cartier.com\/en\/","name":"Alpex Cartier","description":"","potentialAction":[{"@type":"SearchAction","target":{"@type":"EntryPoint","urlTemplate":"https:\/\/www.alpex-cartier.com\/en\/?s={search_term_string}"},"query-input":{"@type":"PropertyValueSpecification","valueRequired":true,"valueName":"search_term_string"}}],"inLanguage":"en-US"}]}},"jetpack_sharing_enabled":true,"_links":{"self":[{"href":"https:\/\/www.alpex-cartier.com\/en\/wp-json\/wp\/v2\/pages\/503","targetHints":{"allow":["GET"]}}],"collection":[{"href":"https:\/\/www.alpex-cartier.com\/en\/wp-json\/wp\/v2\/pages"}],"about":[{"href":"https:\/\/www.alpex-cartier.com\/en\/wp-json\/wp\/v2\/types\/page"}],"author":[{"embeddable":true,"href":"https:\/\/www.alpex-cartier.com\/en\/wp-json\/wp\/v2\/users\/1"}],"replies":[{"embeddable":true,"href":"https:\/\/www.alpex-cartier.com\/en\/wp-json\/wp\/v2\/comments?post=503"}],"version-history":[{"count":5,"href":"https:\/\/www.alpex-cartier.com\/en\/wp-json\/wp\/v2\/pages\/503\/revisions"}],"predecessor-version":[{"id":510,"href":"https:\/\/www.alpex-cartier.com\/en\/wp-json\/wp\/v2\/pages\/503\/revisions\/510"}],"wp:attachment":[{"href":"https:\/\/www.alpex-cartier.com\/en\/wp-json\/wp\/v2\/media?parent=503"}],"curies":[{"name":"wp","href":"https:\/\/api.w.org\/{rel}","templated":true}]}}